{"id":331,"date":"2022-08-26T20:49:22","date_gmt":"2022-08-26T20:49:22","guid":{"rendered":"http:\/\/wxh.c36.mytemp.website\/?page_id=331"},"modified":"2026-03-02T16:04:12","modified_gmt":"2026-03-02T22:04:12","slug":"why-ki-industries","status":"publish","type":"page","link":"https:\/\/kiindustries.com\/es\/why-ki-industries\/","title":{"rendered":"KI es la opci\u00f3n"},"content":{"rendered":"<div data-elementor-type=\"wp-page\" data-elementor-id=\"331\" class=\"elementor elementor-331\" data-elementor-post-type=\"page\">\n\t\t\t\t\t\t<section data-particle_enable=\"false\" data-particle-mobile-disabled=\"false\" class=\"elementor-section elementor-top-section elementor-element elementor-element-7e5376f elementor-section-height-min-height elementor-section-boxed elementor-section-height-default elementor-section-items-middle\" data-id=\"7e5376f\" data-element_type=\"section\" data-e-type=\"section\" data-settings=\"{&quot;background_background&quot;:&quot;classic&quot;}\">\n\t\t\t\t\t\t\t<div class=\"elementor-background-overlay\"><\/div>\n\t\t\t\t\t\t\t<div class=\"elementor-container elementor-column-gap-default\">\n\t\t\t\t\t<div class=\"elementor-column elementor-col-50 elementor-top-column elementor-element elementor-element-41bbf83\" data-id=\"41bbf83\" data-element_type=\"column\" data-e-type=\"column\">\n\t\t\t<div class=\"elementor-widget-wrap elementor-element-populated\">\n\t\t\t\t\t\t<div class=\"elementor-element elementor-element-b3ca634 elementor-widget elementor-widget-heading\" data-id=\"b3ca634\" data-element_type=\"widget\" data-e-type=\"widget\" data-widget_type=\"heading.default\">\n\t\t\t\t\t<h1 class=\"elementor-heading-title elementor-size-default\">Un socio con alcance global<\/h1>\t\t\t\t<\/div>\n\t\t\t\t<div class=\"elementor-element elementor-element-8026fb5 elementor-widget elementor-widget-heading\" data-id=\"8026fb5\" data-element_type=\"widget\" data-e-type=\"widget\" data-widget_type=\"heading.default\">\n\t\t\t\t\t<h2 class=\"elementor-heading-title elementor-size-default\">KI Industries, con presencia en tres continentes, fabrica piezas para distintas marcas. <\/h2>\t\t\t\t<\/div>\n\t\t\t\t\t<\/div>\n\t\t<\/div>\n\t\t\t\t<div class=\"elementor-column elementor-col-50 elementor-top-column elementor-element elementor-element-5c431d9\" data-id=\"5c431d9\" data-element_type=\"column\" data-e-type=\"column\">\n\t\t\t<div class=\"elementor-widget-wrap\">\n\t\t\t\t\t\t\t<\/div>\n\t\t<\/div>\n\t\t\t\t\t<\/div>\n\t\t<\/section>\n\t\t\t\t<section data-particle_enable=\"false\" data-particle-mobile-disabled=\"false\" class=\"elementor-section elementor-top-section elementor-element elementor-element-a0afdc7 elementor-section-boxed elementor-section-height-default elementor-section-height-default\" data-id=\"a0afdc7\" data-element_type=\"section\" data-e-type=\"section\">\n\t\t\t\t\t\t<div class=\"elementor-container elementor-column-gap-default\">\n\t\t\t\t\t<div class=\"elementor-column elementor-col-100 elementor-top-column elementor-element elementor-element-4f6552d\" data-id=\"4f6552d\" data-element_type=\"column\" data-e-type=\"column\">\n\t\t\t<div class=\"elementor-widget-wrap elementor-element-populated\">\n\t\t\t\t\t\t<div class=\"elementor-element elementor-element-eabafd3 elementor-widget elementor-widget-heading\" data-id=\"eabafd3\" data-element_type=\"widget\" data-e-type=\"widget\" data-widget_type=\"heading.default\">\n\t\t\t\t\t<h1 class=\"elementor-heading-title elementor-size-default\">\u00bfPor qu\u00e9 los clientes eligen trabajar con KI Industries?<\/h1>\t\t\t\t<\/div>\n\t\t\t\t\t<\/div>\n\t\t<\/div>\n\t\t\t\t\t<\/div>\n\t\t<\/section>\n\t\t\t\t<section data-particle_enable=\"false\" data-particle-mobile-disabled=\"false\" class=\"elementor-section elementor-top-section elementor-element elementor-element-4c2a426 elementor-section-content-middle elementor-section-boxed elementor-section-height-default elementor-section-height-default\" data-id=\"4c2a426\" data-element_type=\"section\" data-e-type=\"section\" data-settings=\"{&quot;background_background&quot;:&quot;classic&quot;}\">\n\t\t\t\t\t\t<div class=\"elementor-container elementor-column-gap-default\">\n\t\t\t\t\t<div class=\"elementor-column elementor-col-50 elementor-top-column elementor-element elementor-element-738282e elementor-invisible\" data-id=\"738282e\" data-element_type=\"column\" data-e-type=\"column\" data-settings=\"{&quot;animation&quot;:&quot;fadeInLeft&quot;}\">\n\t\t\t<div class=\"elementor-widget-wrap elementor-element-populated\">\n\t\t\t\t\t\t<div class=\"elementor-element elementor-element-d65f9db elementor-widget elementor-widget-image\" data-id=\"d65f9db\" data-element_type=\"widget\" data-e-type=\"widget\" data-widget_type=\"image.default\">\n\t\t\t\t\t\t\t\t\t\t\t\t\t\t\t<img fetchpriority=\"high\" decoding=\"async\" width=\"445\" height=\"618\" src=\"https:\/\/kiindustries.com\/wp-content\/uploads\/2022\/09\/safety2.jpg\" class=\"attachment-medium_large size-medium_large wp-image-917\" alt=\"kii safety\" srcset=\"https:\/\/kiindustries.com\/wp-content\/uploads\/2022\/09\/safety2.jpg 445w, https:\/\/kiindustries.com\/wp-content\/uploads\/2022\/09\/safety2-216x300.jpg 216w\" sizes=\"(max-width: 445px) 100vw, 445px\" \/>\t\t\t\t\t\t\t\t\t\t\t\t\t\t\t<\/div>\n\t\t\t\t\t<\/div>\n\t\t<\/div>\n\t\t\t\t<div class=\"elementor-column elementor-col-50 elementor-top-column elementor-element elementor-element-ebb6b27\" data-id=\"ebb6b27\" data-element_type=\"column\" data-e-type=\"column\" data-settings=\"{&quot;animation&quot;:&quot;none&quot;}\">\n\t\t\t<div class=\"elementor-widget-wrap elementor-element-populated\">\n\t\t\t\t\t\t<div class=\"elementor-element elementor-element-4cf9678 elementor-widget elementor-widget-heading\" data-id=\"4cf9678\" data-element_type=\"widget\" data-e-type=\"widget\" data-widget_type=\"heading.default\">\n\t\t\t\t\t<h3 class=\"elementor-heading-title elementor-size-default\">EXPERIENCIA<\/h3>\t\t\t\t<\/div>\n\t\t\t\t<div class=\"elementor-element elementor-element-58954db elementor-widget-divider--view-line elementor-widget elementor-widget-divider\" data-id=\"58954db\" data-element_type=\"widget\" data-e-type=\"widget\" data-widget_type=\"divider.default\">\n\t\t\t\t\t\t\t<div class=\"elementor-divider\">\n\t\t\t<span class=\"elementor-divider-separator\">\n\t\t\t\t\t\t<\/span>\n\t\t<\/div>\n\t\t\t\t\t\t<\/div>\n\t\t\t\t<div class=\"elementor-element elementor-element-4cd8862 elementor-widget elementor-widget-text-editor\" data-id=\"4cd8862\" data-element_type=\"widget\" data-e-type=\"widget\" data-widget_type=\"text-editor.default\">\n\t\t\t\t\t\t\t\t\t<p>KI Industries fue fundada en 1964 por Bob Goltermann , con el objetivo de brindar a los clientes productos innovadores inyectados a un precio justo. Numerosos miembros de la familia Goltermann han trabajado en KI, y tres miembros de la familia forman parte Board of Directors en la actualidad. KI se convirti\u00f3 r\u00e1pidamente en un proveedor l\u00edder de piezas decorativas de alta calidad al desarrollar relaciones de trabajo  beneficiosas con las marcas m\u00e1s importantes de las industrias automotriz y de electrodom\u00e9sticos.<\/p>\t\t\t\t\t\t\t\t<\/div>\n\t\t\t\t\t<\/div>\n\t\t<\/div>\n\t\t\t\t\t<\/div>\n\t\t<\/section>\n\t\t\t\t<section data-particle_enable=\"false\" data-particle-mobile-disabled=\"false\" class=\"elementor-section elementor-top-section elementor-element elementor-element-20aa1e2 elementor-section-content-middle elementor-reverse-mobile elementor-section-boxed elementor-section-height-default elementor-section-height-default\" data-id=\"20aa1e2\" data-element_type=\"section\" data-e-type=\"section\" data-settings=\"{&quot;background_background&quot;:&quot;classic&quot;}\">\n\t\t\t\t\t\t<div class=\"elementor-container elementor-column-gap-default\">\n\t\t\t\t\t<div class=\"elementor-column elementor-col-50 elementor-top-column elementor-element elementor-element-8c05878\" data-id=\"8c05878\" data-element_type=\"column\" data-e-type=\"column\" data-settings=\"{&quot;animation&quot;:&quot;none&quot;}\">\n\t\t\t<div class=\"elementor-widget-wrap elementor-element-populated\">\n\t\t\t\t\t\t<div class=\"elementor-element elementor-element-2def948 elementor-widget elementor-widget-heading\" data-id=\"2def948\" data-element_type=\"widget\" data-e-type=\"widget\" data-widget_type=\"heading.default\">\n\t\t\t\t\t<h3 class=\"elementor-heading-title elementor-size-default\">CREATIVIDAD<\/h3>\t\t\t\t<\/div>\n\t\t\t\t<div class=\"elementor-element elementor-element-01d4975 elementor-widget-divider--view-line elementor-widget elementor-widget-divider\" data-id=\"01d4975\" data-element_type=\"widget\" data-e-type=\"widget\" data-widget_type=\"divider.default\">\n\t\t\t\t\t\t\t<div class=\"elementor-divider\">\n\t\t\t<span class=\"elementor-divider-separator\">\n\t\t\t\t\t\t<\/span>\n\t\t<\/div>\n\t\t\t\t\t\t<\/div>\n\t\t\t\t<div class=\"elementor-element elementor-element-894d930 elementor-widget elementor-widget-text-editor\" data-id=\"894d930\" data-element_type=\"widget\" data-e-type=\"widget\" data-widget_type=\"text-editor.default\">\n\t\t\t\t\t\t\t\t\t<p>La empresa fue pionera en muchas de las tecnolog\u00edas que se utilizan hoy en d\u00eda en la industria del moldeo por inyecci\u00f3n y ha comenzado a ampliar una nueva cartera de productos a mercados adicionales. Adem\u00e1s, KI fue una de las primeras empresas en adoptar el concepto de una huella de fabricaci\u00f3n global. Nuestros asociados trabajan en estrecha colaboraci\u00f3n con nuestros clientes y utilizan estas innovaciones para ayudar a desarrollar soluciones para sus necesidades de productos. Desde el dise\u00f1o de ingenier\u00eda hasta la calidad y la log\u00edstica, KI se ha ganado la reputaci\u00f3n de ser un proveedor global confiable y consistente de soluciones de calidad. Nuestras soluciones hacen que las ideas de nuestros clientes cobren vida.<\/p>\t\t\t\t\t\t\t\t<\/div>\n\t\t\t\t\t<\/div>\n\t\t<\/div>\n\t\t\t\t<div class=\"elementor-column elementor-col-50 elementor-top-column elementor-element elementor-element-d5ed382 elementor-invisible\" data-id=\"d5ed382\" data-element_type=\"column\" data-e-type=\"column\" data-settings=\"{&quot;animation&quot;:&quot;fadeInRight&quot;}\">\n\t\t\t<div class=\"elementor-widget-wrap elementor-element-populated\">\n\t\t\t\t\t\t<div class=\"elementor-element elementor-element-4e26b98 elementor-widget elementor-widget-image\" data-id=\"4e26b98\" data-element_type=\"widget\" data-e-type=\"widget\" data-widget_type=\"image.default\">\n\t\t\t\t\t\t\t\t\t\t\t\t\t\t\t<img decoding=\"async\" width=\"445\" height=\"618\" src=\"https:\/\/kiindustries.com\/wp-content\/uploads\/2022\/09\/flexible.jpg\" class=\"attachment-large size-large wp-image-911\" alt=\"kii flexible and nimble\" srcset=\"https:\/\/kiindustries.com\/wp-content\/uploads\/2022\/09\/flexible.jpg 445w, https:\/\/kiindustries.com\/wp-content\/uploads\/2022\/09\/flexible-216x300.jpg 216w\" sizes=\"(max-width: 445px) 100vw, 445px\" \/>\t\t\t\t\t\t\t\t\t\t\t\t\t\t\t<\/div>\n\t\t\t\t\t<\/div>\n\t\t<\/div>\n\t\t\t\t\t<\/div>\n\t\t<\/section>\n\t\t\t\t<section data-particle_enable=\"false\" data-particle-mobile-disabled=\"false\" class=\"elementor-section elementor-top-section elementor-element elementor-element-1c05651 elementor-section-content-middle elementor-section-boxed elementor-section-height-default elementor-section-height-default\" data-id=\"1c05651\" data-element_type=\"section\" data-e-type=\"section\" data-settings=\"{&quot;background_background&quot;:&quot;classic&quot;}\">\n\t\t\t\t\t\t<div class=\"elementor-container elementor-column-gap-default\">\n\t\t\t\t\t<div class=\"elementor-column elementor-col-50 elementor-top-column elementor-element elementor-element-b8a8937 elementor-invisible\" data-id=\"b8a8937\" data-element_type=\"column\" data-e-type=\"column\" data-settings=\"{&quot;animation&quot;:&quot;fadeInLeft&quot;}\">\n\t\t\t<div class=\"elementor-widget-wrap elementor-element-populated\">\n\t\t\t\t\t\t<div class=\"elementor-element elementor-element-21f92d3 elementor-widget elementor-widget-image\" data-id=\"21f92d3\" data-element_type=\"widget\" data-e-type=\"widget\" data-widget_type=\"image.default\">\n\t\t\t\t\t\t\t\t\t\t\t\t\t\t\t<img decoding=\"async\" width=\"445\" height=\"618\" src=\"https:\/\/kiindustries.com\/wp-content\/uploads\/2026\/03\/bestplacestowork2026v1.jpg\" class=\"attachment-large size-large wp-image-1849\" alt=\"\" srcset=\"https:\/\/kiindustries.com\/wp-content\/uploads\/2026\/03\/bestplacestowork2026v1.jpg 445w, https:\/\/kiindustries.com\/wp-content\/uploads\/2026\/03\/bestplacestowork2026v1-216x300.jpg 216w, https:\/\/kiindustries.com\/wp-content\/uploads\/2026\/03\/bestplacestowork2026v1-9x12.jpg 9w\" sizes=\"(max-width: 445px) 100vw, 445px\" \/>\t\t\t\t\t\t\t\t\t\t\t\t\t\t\t<\/div>\n\t\t\t\t\t<\/div>\n\t\t<\/div>\n\t\t\t\t<div class=\"elementor-column elementor-col-50 elementor-top-column elementor-element elementor-element-2a2ea0f\" data-id=\"2a2ea0f\" data-element_type=\"column\" data-e-type=\"column\" data-settings=\"{&quot;animation&quot;:&quot;none&quot;}\">\n\t\t\t<div class=\"elementor-widget-wrap elementor-element-populated\">\n\t\t\t\t\t\t<div class=\"elementor-element elementor-element-01534f9 elementor-widget elementor-widget-heading\" data-id=\"01534f9\" data-element_type=\"widget\" data-e-type=\"widget\" data-widget_type=\"heading.default\">\n\t\t\t\t\t<h3 class=\"elementor-heading-title elementor-size-default\">EL MEJOR LUGAR PARA TRABAJAR<\/h3>\t\t\t\t<\/div>\n\t\t\t\t<div class=\"elementor-element elementor-element-c5c331c elementor-widget-divider--view-line elementor-widget elementor-widget-divider\" data-id=\"c5c331c\" data-element_type=\"widget\" data-e-type=\"widget\" data-widget_type=\"divider.default\">\n\t\t\t\t\t\t\t<div class=\"elementor-divider\">\n\t\t\t<span class=\"elementor-divider-separator\">\n\t\t\t\t\t\t<\/span>\n\t\t<\/div>\n\t\t\t\t\t\t<\/div>\n\t\t\t\t<div class=\"elementor-element elementor-element-72a82ef elementor-widget elementor-widget-text-editor\" data-id=\"72a82ef\" data-element_type=\"widget\" data-e-type=\"widget\" data-widget_type=\"text-editor.default\">\n\t\t\t\t\t\t\t\t\t<p>People come to work at KI and often decide to stay long term. The average employee at KI has worked here for over 13 years. Not surprisingly, KI has been voted a \u201cBest Places to Work\u201d by Plastics News for eight consecutive years, and by Crain\u2019s Chicago Business for seven years. We like to consider ourselves as happy employees who provide outstanding support to our customers.<\/p>\t\t\t\t\t\t\t\t<\/div>\n\t\t\t\t\t<\/div>\n\t\t<\/div>\n\t\t\t\t\t<\/div>\n\t\t<\/section>\n\t\t\t\t<section data-particle_enable=\"false\" data-particle-mobile-disabled=\"false\" class=\"elementor-section elementor-top-section elementor-element elementor-element-83f89ff elementor-section-content-middle elementor-section-boxed elementor-section-height-default elementor-section-height-default\" data-id=\"83f89ff\" data-element_type=\"section\" data-e-type=\"section\" data-settings=\"{&quot;background_background&quot;:&quot;classic&quot;}\">\n\t\t\t\t\t\t<div class=\"elementor-container elementor-column-gap-default\">\n\t\t\t\t\t<div class=\"elementor-column elementor-col-100 elementor-top-column elementor-element elementor-element-cf88076\" data-id=\"cf88076\" data-element_type=\"column\" data-e-type=\"column\" data-settings=\"{&quot;animation&quot;:&quot;none&quot;}\">\n\t\t\t<div class=\"elementor-widget-wrap elementor-element-populated\">\n\t\t\t\t\t\t<div class=\"elementor-element elementor-element-b195101 elementor-widget elementor-widget-text-editor\" data-id=\"b195101\" data-element_type=\"widget\" data-e-type=\"widget\" data-widget_type=\"text-editor.default\">\n\t\t\t\t\t\t\t\t\t<p>Conoce m\u00e1s sobre<\/p>\t\t\t\t\t\t\t\t<\/div>\n\t\t\t\t<div class=\"elementor-element elementor-element-795debe elementor-widget elementor-widget-heading\" data-id=\"795debe\" data-element_type=\"widget\" data-e-type=\"widget\" data-widget_type=\"heading.default\">\n\t\t\t\t\t<h2 class=\"elementor-heading-title elementor-size-default\"><a href=\"http:\/\/kiindustries.com\/es\/guidelines-and-policies\/\">Pol\u00edticas y Reglamentos<\/a><\/h2>\t\t\t\t<\/div>\n\t\t\t\t<div class=\"elementor-element elementor-element-d4b4111 elementor-widget elementor-widget-text-editor\" data-id=\"d4b4111\" data-element_type=\"widget\" data-e-type=\"widget\" data-widget_type=\"text-editor.default\">\n\t\t\t\t\t\t\t\t\t<p>Learn about our guardrails &gt;&gt;<\/p>\t\t\t\t\t\t\t\t<\/div>\n\t\t\t\t<div class=\"elementor-element elementor-element-94d62dd elementor-widget-divider--view-line elementor-widget elementor-widget-divider\" data-id=\"94d62dd\" data-element_type=\"widget\" data-e-type=\"widget\" data-widget_type=\"divider.default\">\n\t\t\t\t\t\t\t<div class=\"elementor-divider\">\n\t\t\t<span class=\"elementor-divider-separator\">\n\t\t\t\t\t\t<\/span>\n\t\t<\/div>\n\t\t\t\t\t\t<\/div>\n\t\t\t\t\t<\/div>\n\t\t<\/div>\n\t\t\t\t\t<\/div>\n\t\t<\/section>\n\t\t\t\t<\/div>","protected":false},"excerpt":{"rendered":"<p>A global brand partner KI Industries manufactures parts for brands on three continents. Why do brands work with KI Industries? EXPERIENCE KI Industries was founded in 1964 by Bob Goltermann with a focus on providing innovative injection-molded components at a fair price to customers. Numerous members of the Goltermann family have worked at KI, and [&hellip;]<\/p>\n","protected":false},"author":1,"featured_media":0,"parent":0,"menu_order":0,"comment_status":"closed","ping_status":"closed","template":"","meta":{"_monsterinsights_skip_tracking":false,"_monsterinsights_sitenote_active":false,"_monsterinsights_sitenote_note":"","_monsterinsights_sitenote_category":0,"footnotes":""},"class_list":["post-331","page","type-page","status-publish","hentry"],"yoast_head":"<!-- This site is optimized with the Yoast SEO plugin v27.5 - https:\/\/yoast.com\/product\/yoast-seo-wordpress\/ -->\n<title>Why KI Industries - KI Industries<\/title>\n<meta name=\"robots\" content=\"index, follow, max-snippet:-1, max-image-preview:large, max-video-preview:-1\" \/>\n<link rel=\"canonical\" href=\"https:\/\/kiindustries.com\/es\/why-ki-industries\/\" \/>\n<meta property=\"og:locale\" content=\"es_MX\" \/>\n<meta property=\"og:type\" content=\"article\" \/>\n<meta property=\"og:title\" content=\"Why KI Industries - KI Industries\" \/>\n<meta property=\"og:description\" content=\"A global brand partner KI Industries manufactures parts for brands on three continents. Why do brands work with KI Industries? EXPERIENCE KI Industries was founded in 1964 by Bob Goltermann with a focus on providing innovative injection-molded components at a fair price to customers. Numerous members of the Goltermann family have worked at KI, and [&hellip;]\" \/>\n<meta property=\"og:url\" content=\"https:\/\/kiindustries.com\/es\/why-ki-industries\/\" \/>\n<meta property=\"og:site_name\" content=\"KI Industries\" \/>\n<meta property=\"article:modified_time\" content=\"2026-03-02T22:04:12+00:00\" \/>\n<meta property=\"og:image\" content=\"https:\/\/kiindustries.com\/wp-content\/uploads\/2022\/09\/safety2.jpg\" \/>\n\t<meta property=\"og:image:width\" content=\"445\" \/>\n\t<meta property=\"og:image:height\" content=\"618\" \/>\n\t<meta property=\"og:image:type\" content=\"image\/jpeg\" \/>\n<meta name=\"twitter:card\" content=\"summary_large_image\" \/>\n<meta name=\"twitter:label1\" content=\"Tiempo de lectura\" \/>\n\t<meta name=\"twitter:data1\" content=\"2 minutos\" \/>\n<script type=\"application\/ld+json\" class=\"yoast-schema-graph\">{\"@context\":\"https:\\\/\\\/schema.org\",\"@graph\":[{\"@type\":\"WebPage\",\"@id\":\"https:\\\/\\\/kiindustries.com\\\/why-ki-industries\\\/\",\"url\":\"https:\\\/\\\/kiindustries.com\\\/why-ki-industries\\\/\",\"name\":\"Why KI Industries - KI Industries\",\"isPartOf\":{\"@id\":\"https:\\\/\\\/kiindustries.com\\\/#website\"},\"primaryImageOfPage\":{\"@id\":\"https:\\\/\\\/kiindustries.com\\\/why-ki-industries\\\/#primaryimage\"},\"image\":{\"@id\":\"https:\\\/\\\/kiindustries.com\\\/why-ki-industries\\\/#primaryimage\"},\"thumbnailUrl\":\"https:\\\/\\\/kiindustries.com\\\/wp-content\\\/uploads\\\/2022\\\/09\\\/safety2.jpg\",\"datePublished\":\"2022-08-26T20:49:22+00:00\",\"dateModified\":\"2026-03-02T22:04:12+00:00\",\"breadcrumb\":{\"@id\":\"https:\\\/\\\/kiindustries.com\\\/why-ki-industries\\\/#breadcrumb\"},\"inLanguage\":\"es\",\"potentialAction\":[{\"@type\":\"ReadAction\",\"target\":[\"https:\\\/\\\/kiindustries.com\\\/why-ki-industries\\\/\"]}]},{\"@type\":\"ImageObject\",\"inLanguage\":\"es\",\"@id\":\"https:\\\/\\\/kiindustries.com\\\/why-ki-industries\\\/#primaryimage\",\"url\":\"https:\\\/\\\/kiindustries.com\\\/wp-content\\\/uploads\\\/2022\\\/09\\\/safety2.jpg\",\"contentUrl\":\"https:\\\/\\\/kiindustries.com\\\/wp-content\\\/uploads\\\/2022\\\/09\\\/safety2.jpg\"},{\"@type\":\"BreadcrumbList\",\"@id\":\"https:\\\/\\\/kiindustries.com\\\/why-ki-industries\\\/#breadcrumb\",\"itemListElement\":[{\"@type\":\"ListItem\",\"position\":1,\"name\":\"Home\",\"item\":\"https:\\\/\\\/kiindustries.com\\\/\"},{\"@type\":\"ListItem\",\"position\":2,\"name\":\"Why KI Industries\"}]},{\"@type\":\"WebSite\",\"@id\":\"https:\\\/\\\/kiindustries.com\\\/#website\",\"url\":\"https:\\\/\\\/kiindustries.com\\\/\",\"name\":\"KI Industries\",\"description\":\"Leading Plastic &amp; Die Cast Components Manufacturer\",\"publisher\":{\"@id\":\"https:\\\/\\\/kiindustries.com\\\/#organization\"},\"potentialAction\":[{\"@type\":\"SearchAction\",\"target\":{\"@type\":\"EntryPoint\",\"urlTemplate\":\"https:\\\/\\\/kiindustries.com\\\/?s={search_term_string}\"},\"query-input\":{\"@type\":\"PropertyValueSpecification\",\"valueRequired\":true,\"valueName\":\"search_term_string\"}}],\"inLanguage\":\"es\"},{\"@type\":\"Organization\",\"@id\":\"https:\\\/\\\/kiindustries.com\\\/#organization\",\"name\":\"KI Industries\",\"url\":\"https:\\\/\\\/kiindustries.com\\\/\",\"logo\":{\"@type\":\"ImageObject\",\"inLanguage\":\"es\",\"@id\":\"https:\\\/\\\/kiindustries.com\\\/#\\\/schema\\\/logo\\\/image\\\/\",\"url\":\"https:\\\/\\\/kiindustries.com\\\/wp-content\\\/uploads\\\/2022\\\/08\\\/KI-Industries.png\",\"contentUrl\":\"https:\\\/\\\/kiindustries.com\\\/wp-content\\\/uploads\\\/2022\\\/08\\\/KI-Industries.png\",\"width\":273,\"height\":236,\"caption\":\"KI Industries\"},\"image\":{\"@id\":\"https:\\\/\\\/kiindustries.com\\\/#\\\/schema\\\/logo\\\/image\\\/\"}}]}<\/script>\n<!-- \/ Yoast SEO plugin. -->","yoast_head_json":{"title":"Why KI Industries - KI Industries","robots":{"index":"index","follow":"follow","max-snippet":"max-snippet:-1","max-image-preview":"max-image-preview:large","max-video-preview":"max-video-preview:-1"},"canonical":"https:\/\/kiindustries.com\/es\/why-ki-industries\/","og_locale":"es_MX","og_type":"article","og_title":"Why KI Industries - KI Industries","og_description":"A global brand partner KI Industries manufactures parts for brands on three continents. Why do brands work with KI Industries? EXPERIENCE KI Industries was founded in 1964 by Bob Goltermann with a focus on providing innovative injection-molded components at a fair price to customers. Numerous members of the Goltermann family have worked at KI, and [&hellip;]","og_url":"https:\/\/kiindustries.com\/es\/why-ki-industries\/","og_site_name":"KI Industries","article_modified_time":"2026-03-02T22:04:12+00:00","og_image":[{"width":445,"height":618,"url":"https:\/\/kiindustries.com\/wp-content\/uploads\/2022\/09\/safety2.jpg","type":"image\/jpeg"}],"twitter_card":"summary_large_image","twitter_misc":{"Tiempo de lectura":"2 minutos"},"schema":{"@context":"https:\/\/schema.org","@graph":[{"@type":"WebPage","@id":"https:\/\/kiindustries.com\/why-ki-industries\/","url":"https:\/\/kiindustries.com\/why-ki-industries\/","name":"Why KI Industries - KI Industries","isPartOf":{"@id":"https:\/\/kiindustries.com\/#website"},"primaryImageOfPage":{"@id":"https:\/\/kiindustries.com\/why-ki-industries\/#primaryimage"},"image":{"@id":"https:\/\/kiindustries.com\/why-ki-industries\/#primaryimage"},"thumbnailUrl":"https:\/\/kiindustries.com\/wp-content\/uploads\/2022\/09\/safety2.jpg","datePublished":"2022-08-26T20:49:22+00:00","dateModified":"2026-03-02T22:04:12+00:00","breadcrumb":{"@id":"https:\/\/kiindustries.com\/why-ki-industries\/#breadcrumb"},"inLanguage":"es","potentialAction":[{"@type":"ReadAction","target":["https:\/\/kiindustries.com\/why-ki-industries\/"]}]},{"@type":"ImageObject","inLanguage":"es","@id":"https:\/\/kiindustries.com\/why-ki-industries\/#primaryimage","url":"https:\/\/kiindustries.com\/wp-content\/uploads\/2022\/09\/safety2.jpg","contentUrl":"https:\/\/kiindustries.com\/wp-content\/uploads\/2022\/09\/safety2.jpg"},{"@type":"BreadcrumbList","@id":"https:\/\/kiindustries.com\/why-ki-industries\/#breadcrumb","itemListElement":[{"@type":"ListItem","position":1,"name":"Home","item":"https:\/\/kiindustries.com\/"},{"@type":"ListItem","position":2,"name":"Why KI Industries"}]},{"@type":"WebSite","@id":"https:\/\/kiindustries.com\/#website","url":"https:\/\/kiindustries.com\/","name":"KI Industries","description":"Leading Plastic &amp; Die Cast Components Manufacturer","publisher":{"@id":"https:\/\/kiindustries.com\/#organization"},"potentialAction":[{"@type":"SearchAction","target":{"@type":"EntryPoint","urlTemplate":"https:\/\/kiindustries.com\/?s={search_term_string}"},"query-input":{"@type":"PropertyValueSpecification","valueRequired":true,"valueName":"search_term_string"}}],"inLanguage":"es"},{"@type":"Organization","@id":"https:\/\/kiindustries.com\/#organization","name":"KI Industries","url":"https:\/\/kiindustries.com\/","logo":{"@type":"ImageObject","inLanguage":"es","@id":"https:\/\/kiindustries.com\/#\/schema\/logo\/image\/","url":"https:\/\/kiindustries.com\/wp-content\/uploads\/2022\/08\/KI-Industries.png","contentUrl":"https:\/\/kiindustries.com\/wp-content\/uploads\/2022\/08\/KI-Industries.png","width":273,"height":236,"caption":"KI Industries"},"image":{"@id":"https:\/\/kiindustries.com\/#\/schema\/logo\/image\/"}}]}},"_links":{"self":[{"href":"https:\/\/kiindustries.com\/es\/wp-json\/wp\/v2\/pages\/331","targetHints":{"allow":["GET"]}}],"collection":[{"href":"https:\/\/kiindustries.com\/es\/wp-json\/wp\/v2\/pages"}],"about":[{"href":"https:\/\/kiindustries.com\/es\/wp-json\/wp\/v2\/types\/page"}],"author":[{"embeddable":true,"href":"https:\/\/kiindustries.com\/es\/wp-json\/wp\/v2\/users\/1"}],"replies":[{"embeddable":true,"href":"https:\/\/kiindustries.com\/es\/wp-json\/wp\/v2\/comments?post=331"}],"version-history":[{"count":3,"href":"https:\/\/kiindustries.com\/es\/wp-json\/wp\/v2\/pages\/331\/revisions"}],"predecessor-version":[{"id":1853,"href":"https:\/\/kiindustries.com\/es\/wp-json\/wp\/v2\/pages\/331\/revisions\/1853"}],"wp:attachment":[{"href":"https:\/\/kiindustries.com\/es\/wp-json\/wp\/v2\/media?parent=331"}],"curies":[{"name":"wp","href":"https:\/\/api.w.org\/{rel}","templated":true}]}}