{"id":395,"date":"2022-08-28T21:10:49","date_gmt":"2022-08-28T21:10:49","guid":{"rendered":"http:\/\/wxh.c36.mytemp.website\/?page_id=395"},"modified":"2025-01-22T13:27:56","modified_gmt":"2025-01-22T19:27:56","slug":"job-openings","status":"publish","type":"page","link":"https:\/\/kiindustries.com\/es\/job-openings\/","title":{"rendered":"Vacantes Disponibles"},"content":{"rendered":"<div data-elementor-type=\"wp-page\" data-elementor-id=\"395\" class=\"elementor elementor-395\" data-elementor-post-type=\"page\">\n\t\t\t\t\t\t<section data-particle_enable=\"false\" data-particle-mobile-disabled=\"false\" class=\"elementor-section elementor-top-section elementor-element elementor-element-7e5376f elementor-section-height-min-height elementor-section-boxed elementor-section-height-default elementor-section-items-middle\" data-id=\"7e5376f\" data-element_type=\"section\" data-e-type=\"section\" data-settings=\"{&quot;background_background&quot;:&quot;classic&quot;}\">\n\t\t\t\t\t\t\t<div class=\"elementor-background-overlay\"><\/div>\n\t\t\t\t\t\t\t<div class=\"elementor-container elementor-column-gap-default\">\n\t\t\t\t\t<div class=\"elementor-column elementor-col-50 elementor-top-column elementor-element elementor-element-41bbf83\" data-id=\"41bbf83\" data-element_type=\"column\" data-e-type=\"column\">\n\t\t\t<div class=\"elementor-widget-wrap elementor-element-populated\">\n\t\t\t\t\t\t<div class=\"elementor-element elementor-element-b3ca634 elementor-widget elementor-widget-heading\" data-id=\"b3ca634\" data-element_type=\"widget\" data-e-type=\"widget\" data-widget_type=\"heading.default\">\n\t\t\t\t\t<h1 class=\"elementor-heading-title elementor-size-default\">Buscamos talento excepcional. Con la mejor actitud.<\/h1>\t\t\t\t<\/div>\n\t\t\t\t<div class=\"elementor-element elementor-element-8026fb5 elementor-widget elementor-widget-heading\" data-id=\"8026fb5\" data-element_type=\"widget\" data-e-type=\"widget\" data-widget_type=\"heading.default\">\n\t\t\t\t\t<h2 class=\"elementor-heading-title elementor-size-default\">\u00bfTe gustar\u00eda conocernos? No podemos esperar a conocer m\u00e1s sobre tu talento<\/h2>\t\t\t\t<\/div>\n\t\t\t\t\t<\/div>\n\t\t<\/div>\n\t\t\t\t<div class=\"elementor-column elementor-col-50 elementor-top-column elementor-element elementor-element-5c431d9\" data-id=\"5c431d9\" data-element_type=\"column\" data-e-type=\"column\">\n\t\t\t<div class=\"elementor-widget-wrap\">\n\t\t\t\t\t\t\t<\/div>\n\t\t<\/div>\n\t\t\t\t\t<\/div>\n\t\t<\/section>\n\t\t\t\t<section data-particle_enable=\"false\" data-particle-mobile-disabled=\"false\" class=\"elementor-section elementor-top-section elementor-element elementor-element-4dee71c elementor-section-content-middle elementor-section-boxed elementor-section-height-default elementor-section-height-default\" data-id=\"4dee71c\" data-element_type=\"section\" data-e-type=\"section\" data-settings=\"{&quot;background_background&quot;:&quot;classic&quot;}\">\n\t\t\t\t\t\t<div class=\"elementor-container elementor-column-gap-default\">\n\t\t\t\t\t<div class=\"elementor-column elementor-col-50 elementor-top-column elementor-element elementor-element-0b7456a elementor-invisible\" data-id=\"0b7456a\" data-element_type=\"column\" data-e-type=\"column\" data-settings=\"{&quot;animation&quot;:&quot;fadeInLeft&quot;}\">\n\t\t\t<div class=\"elementor-widget-wrap elementor-element-populated\">\n\t\t\t\t\t\t<div class=\"elementor-element elementor-element-e3b2118 elementor-widget elementor-widget-image\" data-id=\"e3b2118\" data-element_type=\"widget\" data-e-type=\"widget\" data-widget_type=\"image.default\">\n\t\t\t\t\t\t\t\t\t\t\t\t\t\t\t<img fetchpriority=\"high\" decoding=\"async\" width=\"635\" height=\"430\" src=\"https:\/\/kiindustries.com\/wp-content\/uploads\/2022\/09\/mary3.jpg\" class=\"attachment-medium_large size-medium_large wp-image-768\" alt=\"kii engineering\" srcset=\"https:\/\/kiindustries.com\/wp-content\/uploads\/2022\/09\/mary3.jpg 635w, https:\/\/kiindustries.com\/wp-content\/uploads\/2022\/09\/mary3-300x203.jpg 300w\" sizes=\"(max-width: 635px) 100vw, 635px\" \/>\t\t\t\t\t\t\t\t\t\t\t\t\t\t\t<\/div>\n\t\t\t\t\t<\/div>\n\t\t<\/div>\n\t\t\t\t<div class=\"elementor-column elementor-col-50 elementor-top-column elementor-element elementor-element-4df8f1c\" data-id=\"4df8f1c\" data-element_type=\"column\" data-e-type=\"column\" data-settings=\"{&quot;animation&quot;:&quot;none&quot;}\">\n\t\t\t<div class=\"elementor-widget-wrap elementor-element-populated\">\n\t\t\t\t\t\t<div class=\"elementor-element elementor-element-bb59459 elementor-widget elementor-widget-heading\" data-id=\"bb59459\" data-element_type=\"widget\" data-e-type=\"widget\" data-widget_type=\"heading.default\">\n\t\t\t\t\t<h2 class=\"elementor-heading-title elementor-size-default\">Aprender, ganar y crecer.<\/h2>\t\t\t\t<\/div>\n\t\t\t\t<div class=\"elementor-element elementor-element-984e772 elementor-widget-divider--view-line elementor-widget elementor-widget-divider\" data-id=\"984e772\" data-element_type=\"widget\" data-e-type=\"widget\" data-widget_type=\"divider.default\">\n\t\t\t\t\t\t\t<div class=\"elementor-divider\">\n\t\t\t<span class=\"elementor-divider-separator\">\n\t\t\t\t\t\t<\/span>\n\t\t<\/div>\n\t\t\t\t\t\t<\/div>\n\t\t\t\t<div class=\"elementor-element elementor-element-dcaf888 elementor-widget elementor-widget-text-editor\" data-id=\"dcaf888\" data-element_type=\"widget\" data-e-type=\"widget\" data-widget_type=\"text-editor.default\">\n\t\t\t\t\t\t\t\t\t<p>La realidad es que las m\u00e1quinas son herramientas poderosas para la producci\u00f3n, pero el toque humano es irremplazable a la hora de crear experiencias y soluciones \u00fanicas.<\/p><p>El \u00e9xito radica en las personas. Gracias a quienes deciden trabajar con nosotros, tenemos una cultura s\u00f3lida, somos innovadores y nuestros clientes est\u00e1n satisfechos.<\/p><p>Por eso invertimos en ti, te ayudamos a descubrir tus talentos y te abrimos diferentes caminos. \u00bfTe interesa? Descubre lo que dice nuestro equipo.<\/p>\t\t\t\t\t\t\t\t<\/div>\n\t\t\t\t\t<\/div>\n\t\t<\/div>\n\t\t\t\t\t<\/div>\n\t\t<\/section>\n\t\t\t\t<section data-particle_enable=\"false\" data-particle-mobile-disabled=\"false\" class=\"elementor-section elementor-top-section elementor-element elementor-element-f5171cc elementor-section-boxed elementor-section-height-default elementor-section-height-default\" data-id=\"f5171cc\" data-element_type=\"section\" data-e-type=\"section\">\n\t\t\t\t\t\t<div class=\"elementor-container elementor-column-gap-default\">\n\t\t\t\t\t<div class=\"elementor-column elementor-col-100 elementor-top-column elementor-element elementor-element-3ae1d8f\" data-id=\"3ae1d8f\" data-element_type=\"column\" data-e-type=\"column\">\n\t\t\t<div class=\"elementor-widget-wrap elementor-element-populated\">\n\t\t\t\t\t\t<div class=\"elementor-element elementor-element-e9c302e elementor-widget elementor-widget-spacer\" data-id=\"e9c302e\" data-element_type=\"widget\" data-e-type=\"widget\" data-widget_type=\"spacer.default\">\n\t\t\t\t\t\t\t<div class=\"elementor-spacer\">\n\t\t\t<div class=\"elementor-spacer-inner\"><\/div>\n\t\t<\/div>\n\t\t\t\t\t\t<\/div>\n\t\t\t\t<div class=\"elementor-element elementor-element-bfa44fc elementor-widget elementor-widget-heading\" data-id=\"bfa44fc\" data-element_type=\"widget\" data-e-type=\"widget\" data-widget_type=\"heading.default\">\n\t\t\t\t\t<h2 class=\"elementor-heading-title elementor-size-default\">Estamos buscando personas comprometidas.<\/h2>\t\t\t\t<\/div>\n\t\t\t\t<div class=\"elementor-element elementor-element-853e2e3 elementor-widget-divider--view-line elementor-widget elementor-widget-divider\" data-id=\"853e2e3\" data-element_type=\"widget\" data-e-type=\"widget\" data-widget_type=\"divider.default\">\n\t\t\t\t\t\t\t<div class=\"elementor-divider\">\n\t\t\t<span class=\"elementor-divider-separator\">\n\t\t\t\t\t\t<\/span>\n\t\t<\/div>\n\t\t\t\t\t\t<\/div>\n\t\t\t\t<div class=\"elementor-element elementor-element-2c2606c elementor-widget elementor-widget-text-editor\" data-id=\"2c2606c\" data-element_type=\"widget\" data-e-type=\"widget\" data-widget_type=\"text-editor.default\">\n\t\t\t\t\t\t\t\t\t<p>La dedicaci\u00f3n al trabajo es importante. El cuidado mutuo es indispensable. Cada persona en KI Industries es \u00fanica, diferente y valiosa. Como compa\u00f1\u00eda global, esta es nuestra realidad. Como familia, es nuestra mayor fortaleza.<\/p><p>En KI Industries creemos en la igualdad de oportunidades para todos. \u00a1La diversidad y la inclusi\u00f3n son lo que nos mueve! Queremos ser ese lugar donde todos se sientan bienvenidos y valorados por lo que son.<\/p>\t\t\t\t\t\t\t\t<\/div>\n\t\t\t\t<div class=\"elementor-element elementor-element-29338dc elementor-widget elementor-widget-spacer\" data-id=\"29338dc\" data-element_type=\"widget\" data-e-type=\"widget\" data-widget_type=\"spacer.default\">\n\t\t\t\t\t\t\t<div class=\"elementor-spacer\">\n\t\t\t<div class=\"elementor-spacer-inner\"><\/div>\n\t\t<\/div>\n\t\t\t\t\t\t<\/div>\n\t\t\t\t\t<\/div>\n\t\t<\/div>\n\t\t\t\t\t<\/div>\n\t\t<\/section>\n\t\t\t\t<section data-particle_enable=\"false\" data-particle-mobile-disabled=\"false\" class=\"elementor-section elementor-top-section elementor-element elementor-element-dc678d0 elementor-section-boxed elementor-section-height-default elementor-section-height-default\" data-id=\"dc678d0\" data-element_type=\"section\" data-e-type=\"section\">\n\t\t\t\t\t\t<div class=\"elementor-container elementor-column-gap-default\">\n\t\t\t\t\t<div class=\"elementor-column elementor-col-100 elementor-top-column elementor-element elementor-element-56d83bd\" data-id=\"56d83bd\" data-element_type=\"column\" data-e-type=\"column\">\n\t\t\t<div class=\"elementor-widget-wrap elementor-element-populated\">\n\t\t\t\t\t\t<div class=\"elementor-element elementor-element-084f0de elementor-widget elementor-widget-heading\" data-id=\"084f0de\" data-element_type=\"widget\" data-e-type=\"widget\" data-widget_type=\"heading.default\">\n\t\t\t\t\t<h2 class=\"elementor-heading-title elementor-size-default\">Vacantes Disponibles<\/h2>\t\t\t\t<\/div>\n\t\t\t\t<section data-particle_enable=\"false\" data-particle-mobile-disabled=\"false\" class=\"elementor-section elementor-inner-section elementor-element elementor-element-f662f01 elementor-section-boxed elementor-section-height-default elementor-section-height-default\" data-id=\"f662f01\" data-element_type=\"section\" data-e-type=\"section\">\n\t\t\t\t\t\t<div class=\"elementor-container elementor-column-gap-default\">\n\t\t\t\t\t<div class=\"elementor-column elementor-col-50 elementor-inner-column elementor-element elementor-element-de222f8\" data-id=\"de222f8\" data-element_type=\"column\" data-e-type=\"column\">\n\t\t\t<div class=\"elementor-widget-wrap elementor-element-populated\">\n\t\t\t\t\t\t<div class=\"elementor-element elementor-element-3358c10 elementor-widget elementor-widget-text-editor\" data-id=\"3358c10\" data-element_type=\"widget\" data-e-type=\"widget\" data-widget_type=\"text-editor.default\">\n\t\t\t\t\t\t\t\t\t<p><strong>KI Industries<\/strong><\/p><p><strong>MINDFUL\u00a0 MANUFACTURING<\/strong><\/p><p>Fundada en 1964 con un modelo de negocio que prioriza a los clientes, y actualmente presente en 4 pa\u00edses, KI Industries es un proveedor l\u00edder mundial de componentes decorativos de pl\u00e1stico y die cast. Dando valor agregado para clientes de primer nivel y marcas globales reconocidas.<\/p><p>Somos especialistas en la manufactura de componentes decorativos de pl\u00e1stico y  die cast, mediante cadenas de suministro justo a tiempo<\/p><p>KI Industries supera las expectativas: actuamos en el mejor inter\u00e9s tanto del medio ambiente como de la empresa.<\/p><p>QUEREMOS SER EL LUGAR DONDE LA GENTE QUIERE TRABAJAR<\/p><p>KI Industries es un empleador con igualdad de oportunidades, donde la base de nuestra cultura y nuestro motor es la Diversidad e Inclusi\u00f3n.<\/p><p>En KI Industries todos somos \u00fanicos y diferentes, todos somos aceptados y respetados por lo que somos. Esta es nuestra fuerza. <\/p>\t\t\t\t\t\t\t\t<\/div>\n\t\t\t\t\t<\/div>\n\t\t<\/div>\n\t\t\t\t<div class=\"elementor-column elementor-col-50 elementor-inner-column elementor-element elementor-element-bbaa4ae\" data-id=\"bbaa4ae\" data-element_type=\"column\" data-e-type=\"column\">\n\t\t\t<div class=\"elementor-widget-wrap elementor-element-populated\">\n\t\t\t\t\t\t<div class=\"elementor-element elementor-element-7987943 elementor-widget elementor-widget-text-editor\" data-id=\"7987943\" data-element_type=\"widget\" data-e-type=\"widget\" data-widget_type=\"text-editor.default\">\n\t\t\t\t\t\t\t\t\tAgradecemos tu inter\u00e9s en visitar nuestra p\u00e1gina de Empleo. Por favor, revisa las posiciones abiertas y postule a las que coincidan con tus habilidades y experiencia.\t\t\t\t\t\t\t\t<\/div>\n\t\t\t\t<div class=\"elementor-element elementor-element-3a21b03 elementor-widget elementor-widget-button\" data-id=\"3a21b03\" data-element_type=\"widget\" data-e-type=\"widget\" data-widget_type=\"button.default\">\n\t\t\t\t\t\t\t\t\t\t<a class=\"elementor-button elementor-button-link elementor-size-lg\" href=\"https:\/\/kiindustries.applytojob.com\/apply\">\n\t\t\t\t\t\t<span class=\"elementor-button-content-wrapper\">\n\t\t\t\t\t\t\t\t\t<span class=\"elementor-button-text\">Vacantes<\/span>\n\t\t\t\t\t<\/span>\n\t\t\t\t\t<\/a>\n\t\t\t\t\t\t\t\t<\/div>\n\t\t\t\t\t<\/div>\n\t\t<\/div>\n\t\t\t\t\t<\/div>\n\t\t<\/section>\n\t\t\t\t\t<\/div>\n\t\t<\/div>\n\t\t\t\t\t<\/div>\n\t\t<\/section>\n\t\t\t\t<section data-particle_enable=\"false\" data-particle-mobile-disabled=\"false\" class=\"elementor-section elementor-top-section elementor-element elementor-element-70f6cc1 elementor-section-full_width elementor-section-height-min-height elementor-section-height-default elementor-section-items-middle\" data-id=\"70f6cc1\" data-element_type=\"section\" data-e-type=\"section\" data-settings=\"{&quot;background_background&quot;:&quot;classic&quot;}\">\n\t\t\t\t\t\t<div class=\"elementor-container elementor-column-gap-default\">\n\t\t\t\t\t<div class=\"elementor-column elementor-col-100 elementor-top-column elementor-element elementor-element-7d60bde\" data-id=\"7d60bde\" data-element_type=\"column\" data-e-type=\"column\">\n\t\t\t<div class=\"elementor-widget-wrap\">\n\t\t\t\t\t\t\t<\/div>\n\t\t<\/div>\n\t\t\t\t\t<\/div>\n\t\t<\/section>\n\t\t\t\t<section data-particle_enable=\"false\" data-particle-mobile-disabled=\"false\" class=\"elementor-section elementor-top-section elementor-element elementor-element-c920ef7 elementor-section-content-middle elementor-section-boxed elementor-section-height-default elementor-section-height-default\" data-id=\"c920ef7\" data-element_type=\"section\" data-e-type=\"section\" data-settings=\"{&quot;background_background&quot;:&quot;classic&quot;}\">\n\t\t\t\t\t\t<div class=\"elementor-container elementor-column-gap-default\">\n\t\t\t\t\t<div class=\"elementor-column elementor-col-100 elementor-top-column elementor-element elementor-element-4e12d2d\" data-id=\"4e12d2d\" data-element_type=\"column\" data-e-type=\"column\" data-settings=\"{&quot;animation&quot;:&quot;none&quot;}\">\n\t\t\t<div class=\"elementor-widget-wrap elementor-element-populated\">\n\t\t\t\t\t\t<div class=\"elementor-element elementor-element-4963cf9 elementor-widget elementor-widget-text-editor\" data-id=\"4963cf9\" data-element_type=\"widget\" data-e-type=\"widget\" data-widget_type=\"text-editor.default\">\n\t\t\t\t\t\t\t\t\t<p>Conoce m\u00e1s sobre<\/p>\t\t\t\t\t\t\t\t<\/div>\n\t\t\t\t<div class=\"elementor-element elementor-element-87f8920 elementor-widget elementor-widget-heading\" data-id=\"87f8920\" data-element_type=\"widget\" data-e-type=\"widget\" data-widget_type=\"heading.default\">\n\t\t\t\t\t<h2 class=\"elementor-heading-title elementor-size-default\"><a href=\"\/es\/contact-us\/\">Cont\u00e1ctanos<\/a><\/h2>\t\t\t\t<\/div>\n\t\t\t\t<div class=\"elementor-element elementor-element-6c67c12 elementor-widget elementor-widget-text-editor\" data-id=\"6c67c12\" data-element_type=\"widget\" data-e-type=\"widget\" data-widget_type=\"text-editor.default\">\n\t\t\t\t\t\t\t\t\t<p>Nos encantar\u00eda saber de ti  &gt;&gt;<\/p>\t\t\t\t\t\t\t\t<\/div>\n\t\t\t\t<div class=\"elementor-element elementor-element-fb5a543 elementor-widget-divider--view-line elementor-widget elementor-widget-divider\" data-id=\"fb5a543\" data-element_type=\"widget\" data-e-type=\"widget\" data-widget_type=\"divider.default\">\n\t\t\t\t\t\t\t<div class=\"elementor-divider\">\n\t\t\t<span class=\"elementor-divider-separator\">\n\t\t\t\t\t\t<\/span>\n\t\t<\/div>\n\t\t\t\t\t\t<\/div>\n\t\t\t\t\t<\/div>\n\t\t<\/div>\n\t\t\t\t\t<\/div>\n\t\t<\/section>\n\t\t\t\t<\/div>","protected":false},"excerpt":{"rendered":"<p>We scout for talent. Hire on attitude Want to meet us? We can\u2019t wait to meet you. Learn, earn, grow Let\u2019s be honest. Machines make products. Our people make everything else. Our culture, our innovation, our client\u2019s happiness &#8211; everything that makes us successful comes from the people who choose to work with us. This [&hellip;]<\/p>\n","protected":false},"author":1,"featured_media":0,"parent":0,"menu_order":0,"comment_status":"closed","ping_status":"closed","template":"","meta":{"_monsterinsights_skip_tracking":false,"_monsterinsights_sitenote_active":false,"_monsterinsights_sitenote_note":"","_monsterinsights_sitenote_category":0,"footnotes":""},"class_list":["post-395","page","type-page","status-publish","hentry"],"yoast_head":"<!-- This site is optimized with the Yoast SEO plugin v27.5 - https:\/\/yoast.com\/product\/yoast-seo-wordpress\/ -->\n<title>Job Openings - KI Industries<\/title>\n<meta name=\"robots\" content=\"index, follow, max-snippet:-1, max-image-preview:large, max-video-preview:-1\" \/>\n<link rel=\"canonical\" href=\"https:\/\/kiindustries.com\/es\/job-openings\/\" \/>\n<meta property=\"og:locale\" content=\"es_MX\" \/>\n<meta property=\"og:type\" content=\"article\" \/>\n<meta property=\"og:title\" content=\"Job Openings - KI Industries\" \/>\n<meta property=\"og:description\" content=\"We scout for talent. Hire on attitude Want to meet us? We can\u2019t wait to meet you. Learn, earn, grow Let\u2019s be honest. Machines make products. Our people make everything else. Our culture, our innovation, our client\u2019s happiness &#8211; everything that makes us successful comes from the people who choose to work with us. This [&hellip;]\" \/>\n<meta property=\"og:url\" content=\"https:\/\/kiindustries.com\/es\/job-openings\/\" \/>\n<meta property=\"og:site_name\" content=\"KI Industries\" \/>\n<meta property=\"article:modified_time\" content=\"2025-01-22T19:27:56+00:00\" \/>\n<meta property=\"og:image\" content=\"http:\/\/kiindustries.com\/wp-content\/uploads\/2022\/09\/mary3.jpg\" \/>\n<meta name=\"twitter:card\" content=\"summary_large_image\" \/>\n<meta name=\"twitter:label1\" content=\"Tiempo de lectura\" \/>\n\t<meta name=\"twitter:data1\" content=\"2 minutos\" \/>\n<script type=\"application\/ld+json\" class=\"yoast-schema-graph\">{\"@context\":\"https:\\\/\\\/schema.org\",\"@graph\":[{\"@type\":\"WebPage\",\"@id\":\"https:\\\/\\\/kiindustries.com\\\/job-openings\\\/\",\"url\":\"https:\\\/\\\/kiindustries.com\\\/job-openings\\\/\",\"name\":\"Job Openings - KI Industries\",\"isPartOf\":{\"@id\":\"https:\\\/\\\/kiindustries.com\\\/#website\"},\"primaryImageOfPage\":{\"@id\":\"https:\\\/\\\/kiindustries.com\\\/job-openings\\\/#primaryimage\"},\"image\":{\"@id\":\"https:\\\/\\\/kiindustries.com\\\/job-openings\\\/#primaryimage\"},\"thumbnailUrl\":\"http:\\\/\\\/kiindustries.com\\\/wp-content\\\/uploads\\\/2022\\\/09\\\/mary3.jpg\",\"datePublished\":\"2022-08-28T21:10:49+00:00\",\"dateModified\":\"2025-01-22T19:27:56+00:00\",\"breadcrumb\":{\"@id\":\"https:\\\/\\\/kiindustries.com\\\/job-openings\\\/#breadcrumb\"},\"inLanguage\":\"es\",\"potentialAction\":[{\"@type\":\"ReadAction\",\"target\":[\"https:\\\/\\\/kiindustries.com\\\/job-openings\\\/\"]}]},{\"@type\":\"ImageObject\",\"inLanguage\":\"es\",\"@id\":\"https:\\\/\\\/kiindustries.com\\\/job-openings\\\/#primaryimage\",\"url\":\"http:\\\/\\\/kiindustries.com\\\/wp-content\\\/uploads\\\/2022\\\/09\\\/mary3.jpg\",\"contentUrl\":\"http:\\\/\\\/kiindustries.com\\\/wp-content\\\/uploads\\\/2022\\\/09\\\/mary3.jpg\"},{\"@type\":\"BreadcrumbList\",\"@id\":\"https:\\\/\\\/kiindustries.com\\\/job-openings\\\/#breadcrumb\",\"itemListElement\":[{\"@type\":\"ListItem\",\"position\":1,\"name\":\"Home\",\"item\":\"https:\\\/\\\/kiindustries.com\\\/\"},{\"@type\":\"ListItem\",\"position\":2,\"name\":\"Job Openings\"}]},{\"@type\":\"WebSite\",\"@id\":\"https:\\\/\\\/kiindustries.com\\\/#website\",\"url\":\"https:\\\/\\\/kiindustries.com\\\/\",\"name\":\"KI Industries\",\"description\":\"Leading Plastic &amp; Die Cast Components Manufacturer\",\"publisher\":{\"@id\":\"https:\\\/\\\/kiindustries.com\\\/#organization\"},\"potentialAction\":[{\"@type\":\"SearchAction\",\"target\":{\"@type\":\"EntryPoint\",\"urlTemplate\":\"https:\\\/\\\/kiindustries.com\\\/?s={search_term_string}\"},\"query-input\":{\"@type\":\"PropertyValueSpecification\",\"valueRequired\":true,\"valueName\":\"search_term_string\"}}],\"inLanguage\":\"es\"},{\"@type\":\"Organization\",\"@id\":\"https:\\\/\\\/kiindustries.com\\\/#organization\",\"name\":\"KI Industries\",\"url\":\"https:\\\/\\\/kiindustries.com\\\/\",\"logo\":{\"@type\":\"ImageObject\",\"inLanguage\":\"es\",\"@id\":\"https:\\\/\\\/kiindustries.com\\\/#\\\/schema\\\/logo\\\/image\\\/\",\"url\":\"https:\\\/\\\/kiindustries.com\\\/wp-content\\\/uploads\\\/2022\\\/08\\\/KI-Industries.png\",\"contentUrl\":\"https:\\\/\\\/kiindustries.com\\\/wp-content\\\/uploads\\\/2022\\\/08\\\/KI-Industries.png\",\"width\":273,\"height\":236,\"caption\":\"KI Industries\"},\"image\":{\"@id\":\"https:\\\/\\\/kiindustries.com\\\/#\\\/schema\\\/logo\\\/image\\\/\"}}]}<\/script>\n<!-- \/ Yoast SEO plugin. -->","yoast_head_json":{"title":"Job Openings - KI Industries","robots":{"index":"index","follow":"follow","max-snippet":"max-snippet:-1","max-image-preview":"max-image-preview:large","max-video-preview":"max-video-preview:-1"},"canonical":"https:\/\/kiindustries.com\/es\/job-openings\/","og_locale":"es_MX","og_type":"article","og_title":"Job Openings - KI Industries","og_description":"We scout for talent. Hire on attitude Want to meet us? We can\u2019t wait to meet you. Learn, earn, grow Let\u2019s be honest. Machines make products. Our people make everything else. Our culture, our innovation, our client\u2019s happiness &#8211; everything that makes us successful comes from the people who choose to work with us. This [&hellip;]","og_url":"https:\/\/kiindustries.com\/es\/job-openings\/","og_site_name":"KI Industries","article_modified_time":"2025-01-22T19:27:56+00:00","og_image":[{"url":"http:\/\/kiindustries.com\/wp-content\/uploads\/2022\/09\/mary3.jpg","type":"","width":"","height":""}],"twitter_card":"summary_large_image","twitter_misc":{"Tiempo de lectura":"2 minutos"},"schema":{"@context":"https:\/\/schema.org","@graph":[{"@type":"WebPage","@id":"https:\/\/kiindustries.com\/job-openings\/","url":"https:\/\/kiindustries.com\/job-openings\/","name":"Job Openings - KI Industries","isPartOf":{"@id":"https:\/\/kiindustries.com\/#website"},"primaryImageOfPage":{"@id":"https:\/\/kiindustries.com\/job-openings\/#primaryimage"},"image":{"@id":"https:\/\/kiindustries.com\/job-openings\/#primaryimage"},"thumbnailUrl":"http:\/\/kiindustries.com\/wp-content\/uploads\/2022\/09\/mary3.jpg","datePublished":"2022-08-28T21:10:49+00:00","dateModified":"2025-01-22T19:27:56+00:00","breadcrumb":{"@id":"https:\/\/kiindustries.com\/job-openings\/#breadcrumb"},"inLanguage":"es","potentialAction":[{"@type":"ReadAction","target":["https:\/\/kiindustries.com\/job-openings\/"]}]},{"@type":"ImageObject","inLanguage":"es","@id":"https:\/\/kiindustries.com\/job-openings\/#primaryimage","url":"http:\/\/kiindustries.com\/wp-content\/uploads\/2022\/09\/mary3.jpg","contentUrl":"http:\/\/kiindustries.com\/wp-content\/uploads\/2022\/09\/mary3.jpg"},{"@type":"BreadcrumbList","@id":"https:\/\/kiindustries.com\/job-openings\/#breadcrumb","itemListElement":[{"@type":"ListItem","position":1,"name":"Home","item":"https:\/\/kiindustries.com\/"},{"@type":"ListItem","position":2,"name":"Job Openings"}]},{"@type":"WebSite","@id":"https:\/\/kiindustries.com\/#website","url":"https:\/\/kiindustries.com\/","name":"KI Industries","description":"Leading Plastic &amp; Die Cast Components Manufacturer","publisher":{"@id":"https:\/\/kiindustries.com\/#organization"},"potentialAction":[{"@type":"SearchAction","target":{"@type":"EntryPoint","urlTemplate":"https:\/\/kiindustries.com\/?s={search_term_string}"},"query-input":{"@type":"PropertyValueSpecification","valueRequired":true,"valueName":"search_term_string"}}],"inLanguage":"es"},{"@type":"Organization","@id":"https:\/\/kiindustries.com\/#organization","name":"KI Industries","url":"https:\/\/kiindustries.com\/","logo":{"@type":"ImageObject","inLanguage":"es","@id":"https:\/\/kiindustries.com\/#\/schema\/logo\/image\/","url":"https:\/\/kiindustries.com\/wp-content\/uploads\/2022\/08\/KI-Industries.png","contentUrl":"https:\/\/kiindustries.com\/wp-content\/uploads\/2022\/08\/KI-Industries.png","width":273,"height":236,"caption":"KI Industries"},"image":{"@id":"https:\/\/kiindustries.com\/#\/schema\/logo\/image\/"}}]}},"_links":{"self":[{"href":"https:\/\/kiindustries.com\/es\/wp-json\/wp\/v2\/pages\/395","targetHints":{"allow":["GET"]}}],"collection":[{"href":"https:\/\/kiindustries.com\/es\/wp-json\/wp\/v2\/pages"}],"about":[{"href":"https:\/\/kiindustries.com\/es\/wp-json\/wp\/v2\/types\/page"}],"author":[{"embeddable":true,"href":"https:\/\/kiindustries.com\/es\/wp-json\/wp\/v2\/users\/1"}],"replies":[{"embeddable":true,"href":"https:\/\/kiindustries.com\/es\/wp-json\/wp\/v2\/comments?post=395"}],"version-history":[{"count":0,"href":"https:\/\/kiindustries.com\/es\/wp-json\/wp\/v2\/pages\/395\/revisions"}],"wp:attachment":[{"href":"https:\/\/kiindustries.com\/es\/wp-json\/wp\/v2\/media?parent=395"}],"curies":[{"name":"wp","href":"https:\/\/api.w.org\/{rel}","templated":true}]}}